{"id":108,"date":"2020-11-18T19:35:37","date_gmt":"2020-11-18T19:35:37","guid":{"rendered":"http:\/\/ekolmimarlik.com.tr\/?page_id=108"},"modified":"2020-12-19T08:54:14","modified_gmt":"2020-12-19T08:54:14","slug":"hakkimizda","status":"publish","type":"page","link":"https:\/\/ekolmimarlik.com.tr\/en\/hakkimizda\/","title":{"rendered":"ABOUT US"},"content":{"rendered":"<div data-elementor-type=\"wp-page\" data-elementor-id=\"108\" class=\"elementor elementor-108\" data-elementor-settings=\"[]\">\n\t\t\t\t\t\t<div class=\"elementor-inner\">\n\t\t\t\t\t\t\t<div class=\"elementor-section-wrap\">\n\t\t\t\t\t\t\t<section class=\"elementor-section elementor-top-section elementor-element elementor-element-14327b8 elementor-section-boxed elementor-section-height-default elementor-section-height-default\" data-id=\"14327b8\" data-element_type=\"section\">\n\t\t\t\t\t\t<div class=\"elementor-container elementor-column-gap-default\">\n\t\t\t\t\t\t\t<div class=\"elementor-row\">\n\t\t\t\t\t<div class=\"elementor-column elementor-col-100 elementor-top-column elementor-element elementor-element-45a28d9\" data-id=\"45a28d9\" data-element_type=\"column\">\n\t\t\t<div class=\"elementor-column-wrap elementor-element-populated\">\n\t\t\t\t\t\t\t<div class=\"elementor-widget-wrap\">\n\t\t\t\t\t\t<div class=\"elementor-element elementor-element-fba5c7b elementor-widget elementor-widget-heading\" data-id=\"fba5c7b\" data-element_type=\"widget\" data-widget_type=\"heading.default\">\n\t\t\t\t<div class=\"elementor-widget-container\">\n\t\t\t<h3 class=\"elementor-heading-title elementor-size-default\">ABOUT US<\/h3>\t\t<\/div>\n\t\t\t\t<\/div>\n\t\t\t\t<div class=\"elementor-element elementor-element-5f69010 elementor-widget-divider--view-line elementor-widget elementor-widget-divider\" data-id=\"5f69010\" data-element_type=\"widget\" data-widget_type=\"divider.default\">\n\t\t\t\t<div class=\"elementor-widget-container\">\n\t\t\t\t\t<div class=\"elementor-divider\">\n\t\t\t<span class=\"elementor-divider-separator\">\n\t\t\t\t\t\t<\/span>\n\t\t<\/div>\n\t\t\t\t<\/div>\n\t\t\t\t<\/div>\n\t\t\t\t<div class=\"elementor-element elementor-element-b5a0804 elementor-widget elementor-widget-text-editor\" data-id=\"b5a0804\" data-element_type=\"widget\" data-widget_type=\"text-editor.default\">\n\t\t\t\t<div class=\"elementor-widget-container\">\n\t\t\t\t\t<div class=\"elementor-text-editor elementor-clearfix\"><p>\u015eirketimiz 1999 y\u0131l\u0131nda Eski\u015fehirde kurulmu\u015f, ayn\u0131 y\u0131l i\u00e7erisinde i\u015ftigal alanlar\u0131yla ilgili oda kay\u0131tlar\u0131n\u0131 tamamlay\u0131p faaliyetlerine ba\u015flam\u0131\u015ft\u0131r. 2003 y\u0131l\u0131ndan itibaren \u015firket merkezi \u0130stanbul\u2019a ta\u015f\u0131nm\u0131\u015f olup, faaliyetlerini buradan y\u00fcr\u00fctmeye ba\u015flam\u0131\u015ft\u0131r. Kurulu\u015funu takip eden aylarda, kurucular\u0131n\u0131n deneyimlerinden yararlanarak \u00e7e\u015fitli alanlarda uygulama ve proje i\u015fleri al\u0131p tamamlam\u0131\u015ft\u0131r.<\/p><p>\u015eirketimiz kurulu\u015fundan bug\u00fcne kadar bir \u00e7ok alanda proje \u00fcretmi\u015f ve \u00fcretmektedir. Bunlar Otel projeleri, Konut projeleri, Altyap\u0131 projeleri, \u00c7evre d\u00fczenleme projeleri Kentsel tasar\u0131m projeleri, kentsel d\u00f6n\u00fc\u015f\u00fcm projeleridir. 1998 y\u0131l\u0131ndan sonra\u00a0 ah\u015fap yap\u0131 (sivil mimarl\u0131k \u00f6rne\u011fi yap\u0131lar) restorasyon uyguylamalar\u0131 konular\u0131nda uzmanla\u015fm\u0131\u015f, kurulu\u015fundan bu yana koruma alan\u0131nda bir \u00e7ok uygulamaya imza atm\u0131\u015ft\u0131r.<\/p><p>Restorasyon uygulamalar\u0131 ile beraber ayn\u0131 zamanda r\u00f6l\u00f6ve retit\u00fcsyon ve restorasyon projelerinin haz\u0131rlanmas\u0131nda da bir \u00e7ok ba\u015far\u0131ya imza atm\u0131\u015ft\u0131r.\u015eirketimiz, restorasyon projelerinin sa\u011fl\u0131kl\u0131 ve h\u0131zl\u0131 bir \u015fekilde haz\u0131rlanabilmesi i\u00e7in gerekli olan r\u00f6l\u00f6velerin \u00fcretilebilmesi amac\u0131yla, 2004 y\u0131l\u0131 itibar\u0131 ile 3B Lazer \u00d6l\u00e7\u00fcm teknolojisini kullanmaya ba\u015flam\u0131\u015f, bu sayede 2B vekt\u00f6rel \u00e7izimlerinin haz\u0131rlanmas\u0131n\u0131n yan\u0131s\u0131ra 3B ger\u00e7ek modellerinin de elde edilmesi konusunda yenilik\u00e7i ve \u00f6nc\u00fc oldu\u011funu g\u00f6stermi\u015ftir.<\/p><p>Gelecekteki amac\u0131m\u0131z, bir \u00e7ok alanda proje haz\u0131rlamaktan ziyade, belirli alanlarda uzmanla\u015farak yap\u0131lan i\u015fleri m\u00fckemmelle\u015ftirmektir.<\/p><p>\u00a0<\/p><\/div>\n\t\t\t\t<\/div>\n\t\t\t\t<\/div>\n\t\t\t\t\t\t<\/div>\n\t\t\t\t\t<\/div>\n\t\t<\/div>\n\t\t\t\t\t\t\t\t<\/div>\n\t\t\t\t\t<\/div>\n\t\t<\/section>\n\t\t\t\t<section class=\"elementor-section elementor-top-section elementor-element elementor-element-2228456 elementor-section-boxed elementor-section-height-default elementor-section-height-default\" data-id=\"2228456\" data-element_type=\"section\">\n\t\t\t\t\t\t<div class=\"elementor-container elementor-column-gap-default\">\n\t\t\t\t\t\t\t<div class=\"elementor-row\">\n\t\t\t\t\t<div class=\"elementor-column elementor-col-100 elementor-top-column elementor-element elementor-element-85867d1\" data-id=\"85867d1\" data-element_type=\"column\">\n\t\t\t<div class=\"elementor-column-wrap elementor-element-populated\">\n\t\t\t\t\t\t\t<div class=\"elementor-widget-wrap\">\n\t\t\t\t\t\t<div class=\"elementor-element elementor-element-aa340b1 elementor-widget elementor-widget-heading\" data-id=\"aa340b1\" data-element_type=\"widget\" data-widget_type=\"heading.default\">\n\t\t\t\t<div class=\"elementor-widget-container\">\n\t\t\t<h3 class=\"elementor-heading-title elementor-size-default\">Hizmetlerimiz<\/h3>\t\t<\/div>\n\t\t\t\t<\/div>\n\t\t\t\t<div class=\"elementor-element elementor-element-d75a200 elementor-widget-divider--view-line elementor-widget elementor-widget-divider\" data-id=\"d75a200\" data-element_type=\"widget\" data-widget_type=\"divider.default\">\n\t\t\t\t<div class=\"elementor-widget-container\">\n\t\t\t\t\t<div class=\"elementor-divider\">\n\t\t\t<span class=\"elementor-divider-separator\">\n\t\t\t\t\t\t<\/span>\n\t\t<\/div>\n\t\t\t\t<\/div>\n\t\t\t\t<\/div>\n\t\t\t\t\t\t<\/div>\n\t\t\t\t\t<\/div>\n\t\t<\/div>\n\t\t\t\t\t\t\t\t<\/div>\n\t\t\t\t\t<\/div>\n\t\t<\/section>\n\t\t\t\t<section class=\"elementor-section elementor-top-section elementor-element elementor-element-ae9c770 elementor-section-boxed elementor-section-height-default elementor-section-height-default\" data-id=\"ae9c770\" data-element_type=\"section\">\n\t\t\t\t\t\t<div class=\"elementor-container elementor-column-gap-default\">\n\t\t\t\t\t\t\t<div class=\"elementor-row\">\n\t\t\t\t\t<div class=\"elementor-column elementor-col-100 elementor-top-column elementor-element elementor-element-d82290b\" data-id=\"d82290b\" data-element_type=\"column\">\n\t\t\t<div class=\"elementor-column-wrap elementor-element-populated\">\n\t\t\t\t\t\t\t<div class=\"elementor-widget-wrap\">\n\t\t\t\t\t\t<div class=\"elementor-element elementor-element-b0d4bfd elementor-widget elementor-widget-text-editor\" data-id=\"b0d4bfd\" data-element_type=\"widget\" data-widget_type=\"text-editor.default\">\n\t\t\t\t<div class=\"elementor-widget-container\">\n\t\t\t\t\t<div class=\"elementor-text-editor elementor-clearfix\"><p><strong>3B R\u00f6l\u00f6ve \u00d6l\u00e7\u00fcm Sistemi<\/strong><\/p><p>K\u00fclt\u00fcrel miras\u0131n belgelenmesi ve izlenmesi s\u00fcrecinde kullan\u0131lan y\u00f6ntemlerin geli\u015ftirilmesi, gerek mimari koruma uygulamalar\u0131 veya belgeleme, gerekse arkeolojik belgeleme a\u00e7\u0131s\u0131ndan \u00f6nemlidir.Tarihi yap\u0131lar\u0131n korunabilmesi, Restit\u00fcsyon &#8211; Restorasyon projelerinin sa\u011fl\u0131kl\u0131 yap\u0131labilmesi i\u00e7in altl\u0131k veri niteli\u011finde olan r\u00f6l\u00f6velerin do\u011fru \u00f6l\u00e7\u00fcm y\u00f6ntemleri ile haz\u0131rlanabilmesi 3D r\u00f6l\u00f6ve \u00f6l\u00e7\u00fcm sistemi kullan\u0131m\u0131n\u0131 gereklilik k\u0131lmaktad\u0131r.<\/p><p>\u00d6zellikle an\u0131tsal yap\u0131lar\u0131n ve sivil mimarlik \u00f6rne\u011fi yap\u0131lar\u0131n r\u00f6l\u00f6velerinin\u00a0 haz\u0131rlanmas\u0131 amac\u0131yla yap\u0131lan konvansiyonel \u00f6l\u00e7\u00fcmlerde, baz\u0131 yap\u0131lar\u0131n \u00f6zellikleri nedeniyle\u00a0 (bir yap\u0131da kubbeyi, tonozu vb gibi yerler) tam ve hassas \u00f6l\u00e7\u00fcm al\u0131namamakta ve haz\u0131rlanan r\u00f6l\u00f6ve \u00e7izimleri hassas ve do\u011fru olamamaktad\u0131r.<\/p><p>Restit\u00fcsyon ve Restorasyon projeleri i\u00e7in haz\u0131rlanacak R\u00f6l\u00f6ve \u00e7al\u0131\u015fmas\u0131n\u0131n, yap\u0131lar\u0131n Restorasyon uygulamalar\u0131n\u0131n sa\u011fl\u0131kl\u0131 olarak yap\u0131labilmeleri i\u00e7in do\u011fru olarak haz\u0131rlanmas\u0131 gerekmektedir.<\/p><p>\u00dclkemizde 3D Lazer teknolojisini ilk olarak kullanan \u015firketimiz, konvansiyonel \u00f6l\u00e7\u00fcmlerin yan\u0131 s\u0131ra 3D Lazer taray\u0131c\u0131 ile yap\u0131lar\u0131n detayl\u0131 bir \u015fekilde \u00f6l\u00e7\u00fclmesi, ger\u00e7ek OrthoPhoto\u2019lar\u0131n\u0131n haz\u0131rlanmas\u0131 ve r\u00f6l\u00f6ve \u00e7izimlerinin hassas ve do\u011fru bir \u015fekilde yap\u0131lmas\u0131 i\u00e7in gerekli imkanlara sahiptir. Bu \u00f6l\u00e7\u00fcm y\u00f6ntemi ile, mimari ve arkeolojik belgelemenin yan\u0131 s\u0131ra, yap\u0131lar\u0131n 3D nokta bulutu modelleri veya ger\u00e7ek modelleri olu\u015fturulabilmekte ve mimari ve arkeolojik belgeleme konusunda gerekli olan bir\u00e7ok veri elde edilebilmektedir.<\/p><h5><strong>FARO Photon Lazer Taray\u0131c\u0131lar\u0131<\/strong><\/h5><p>Faro Lazer Taray\u0131c\u0131 &#8211; Photon 120<\/p><p>FARO\u2019nun Photon serisine ait faz kayd\u0131rmal\u0131 lazer taray\u0131c\u0131lar\u0131 \u00fc\u00e7 boyutlu veri yakalama i\u015flemlerinin h\u0131zl\u0131 ve kolay bir bi\u00e7imde yap\u0131lmas\u0131na ve b\u00fcy\u00fck nesnelerin ve alanlar\u0131n \u00e7ok ayr\u0131nt\u0131l\u0131 bi\u00e7imde \u00f6l\u00e7\u00fclmesine imkan tan\u0131r. Kullan\u0131m alanlar\u0131na in\u015faat (t\u00fcnel in\u015faat\u0131 ve madencilik dahil), mimarl\u0131k, yol haritalama, fabrikalar, jeodezi, kaza ara\u015ft\u0131rmalar\u0131, adli ara\u015ft\u0131rmalar ve an\u0131t koruma da dahildir.<\/p><p>Yeni lazer taray\u0131c\u0131 modelleri Photon 120 ve 20, tarama i\u015flemini \u00f6nceki modellere g\u00f6re 8 kat daha h\u0131zl\u0131 ger\u00e7ekle\u015ftirir ve Photon 120, Phase-Shift (faz kayd\u0131rmal\u0131) lazer taray\u0131c\u0131lar aras\u0131nda 120 metre ile d\u00fcnya \u00e7ap\u0131ndaki en uzun menzile sahiptir. Photon 20 ise, en fazla 20 metrelik bir menzil i\u00e7erisinde bulunan nesnelerin taranmas\u0131 i\u00e7in geli\u015ftirilmi\u015ftir.\u00a0 FARO Scene 4.7 tarama i\u015fleme yaz\u0131l\u0131m\u0131n\u0131n yeni s\u00fcr\u00fcm\u00fc, man\u00fcel i\u015flemeye g\u00f6re kullan\u0131c\u0131ya taramalar\u0131 %90 daha h\u0131zl\u0131 ve otomatik olarak i\u015fleme imkan\u0131 tan\u0131maktad\u0131r.<\/p><\/div>\n\t\t\t\t<\/div>\n\t\t\t\t<\/div>\n\t\t\t\t\t\t<\/div>\n\t\t\t\t\t<\/div>\n\t\t<\/div>\n\t\t\t\t\t\t\t\t<\/div>\n\t\t\t\t\t<\/div>\n\t\t<\/section>\n\t\t\t\t\t\t<\/div>\n\t\t\t\t\t\t<\/div>\n\t\t\t\t\t<\/div>","protected":false},"excerpt":{"rendered":"<p>Hakk\u0131m\u0131zda \u015eirketimiz 1999 y\u0131l\u0131nda Eski\u015fehirde kurulmu\u015f, ayn\u0131 y\u0131l i\u00e7erisinde i\u015ftigal alanlar\u0131yla ilgili oda kay\u0131tlar\u0131n\u0131 tamamlay\u0131p faaliyetlerine ba\u015flam\u0131\u015ft\u0131r. 2003 y\u0131l\u0131ndan itibaren \u015firket merkezi \u0130stanbul\u2019a ta\u015f\u0131nm\u0131\u015f olup, faaliyetlerini buradan y\u00fcr\u00fctmeye ba\u015flam\u0131\u015ft\u0131r. Kurulu\u015funu takip eden aylarda, kurucular\u0131n\u0131n deneyimlerinden yararlanarak \u00e7e\u015fitli alanlarda uygulama ve proje i\u015fleri al\u0131p tamamlam\u0131\u015ft\u0131r. \u015eirketimiz kurulu\u015fundan bug\u00fcne kadar bir \u00e7ok alanda proje \u00fcretmi\u015f ve \u00fcretmektedir.&hellip;&nbsp;<a href=\"https:\/\/ekolmimarlik.com.tr\/en\/hakkimizda\/\" class=\"\" rel=\"bookmark\">Read More &raquo;<span class=\"screen-reader-text\">ABOUT US<\/span><\/a><\/p>","protected":false},"author":1,"featured_media":0,"parent":0,"menu_order":0,"comment_status":"closed","ping_status":"closed","template":"","meta":{"neve_meta_sidebar":"full-width","neve_meta_container":"","neve_meta_enable_content_width":"on","neve_meta_content_width":100,"neve_meta_title_alignment":"","neve_meta_author_avatar":"","neve_post_elements_order":"","neve_meta_disable_header":"off","neve_meta_disable_footer":"","neve_meta_disable_title":"on","_ti_tpc_template_sync":false,"_ti_tpc_template_id":""},"_links":{"self":[{"href":"https:\/\/ekolmimarlik.com.tr\/en\/wp-json\/wp\/v2\/pages\/108"}],"collection":[{"href":"https:\/\/ekolmimarlik.com.tr\/en\/wp-json\/wp\/v2\/pages"}],"about":[{"href":"https:\/\/ekolmimarlik.com.tr\/en\/wp-json\/wp\/v2\/types\/page"}],"author":[{"embeddable":true,"href":"https:\/\/ekolmimarlik.com.tr\/en\/wp-json\/wp\/v2\/users\/1"}],"replies":[{"embeddable":true,"href":"https:\/\/ekolmimarlik.com.tr\/en\/wp-json\/wp\/v2\/comments?post=108"}],"version-history":[{"count":35,"href":"https:\/\/ekolmimarlik.com.tr\/en\/wp-json\/wp\/v2\/pages\/108\/revisions"}],"predecessor-version":[{"id":831,"href":"https:\/\/ekolmimarlik.com.tr\/en\/wp-json\/wp\/v2\/pages\/108\/revisions\/831"}],"wp:attachment":[{"href":"https:\/\/ekolmimarlik.com.tr\/en\/wp-json\/wp\/v2\/media?parent=108"}],"curies":[{"name":"wp","href":"https:\/\/api.w.org\/{rel}","templated":true}]}}