{"id":128,"date":"2020-11-18T19:47:22","date_gmt":"2020-11-18T19:47:22","guid":{"rendered":"http:\/\/ekolmimarlik.com.tr\/?page_id=128"},"modified":"2021-06-21T19:41:16","modified_gmt":"2021-06-21T19:41:16","slug":"iletisim","status":"publish","type":"page","link":"https:\/\/ekolmimarlik.com.tr\/en\/iletisim\/","title":{"rendered":"CONTACT US"},"content":{"rendered":"<div data-elementor-type=\"wp-page\" data-elementor-id=\"128\" class=\"elementor elementor-128\" data-elementor-settings=\"[]\">\n\t\t\t\t\t\t<div class=\"elementor-inner\">\n\t\t\t\t\t\t\t<div class=\"elementor-section-wrap\">\n\t\t\t\t\t\t\t<section class=\"elementor-section elementor-top-section elementor-element elementor-element-5d01ab6 elementor-section-boxed elementor-section-height-default elementor-section-height-default\" data-id=\"5d01ab6\" data-element_type=\"section\">\n\t\t\t\t\t\t<div class=\"elementor-container elementor-column-gap-default\">\n\t\t\t\t\t\t\t<div class=\"elementor-row\">\n\t\t\t\t\t<div class=\"elementor-column elementor-col-100 elementor-top-column elementor-element elementor-element-ebe1404\" data-id=\"ebe1404\" data-element_type=\"column\">\n\t\t\t<div class=\"elementor-column-wrap elementor-element-populated\">\n\t\t\t\t\t\t\t<div class=\"elementor-widget-wrap\">\n\t\t\t\t\t\t<div class=\"elementor-element elementor-element-9539f90 elementor-widget elementor-widget-spacer\" data-id=\"9539f90\" data-element_type=\"widget\" data-widget_type=\"spacer.default\">\n\t\t\t\t<div class=\"elementor-widget-container\">\n\t\t\t\t\t<div class=\"elementor-spacer\">\n\t\t\t<div class=\"elementor-spacer-inner\"><\/div>\n\t\t<\/div>\n\t\t\t\t<\/div>\n\t\t\t\t<\/div>\n\t\t\t\t\t\t<\/div>\n\t\t\t\t\t<\/div>\n\t\t<\/div>\n\t\t\t\t\t\t\t\t<\/div>\n\t\t\t\t\t<\/div>\n\t\t<\/section>\n\t\t\t\t<section class=\"elementor-section elementor-top-section elementor-element elementor-element-f0e6228 elementor-section-boxed elementor-section-height-default elementor-section-height-default\" data-id=\"f0e6228\" data-element_type=\"section\">\n\t\t\t\t\t\t<div class=\"elementor-container elementor-column-gap-default\">\n\t\t\t\t\t\t\t<div class=\"elementor-row\">\n\t\t\t\t\t<div class=\"elementor-column elementor-col-50 elementor-top-column elementor-element elementor-element-4683a6b\" data-id=\"4683a6b\" data-element_type=\"column\">\n\t\t\t<div class=\"elementor-column-wrap elementor-element-populated\">\n\t\t\t\t\t\t\t<div class=\"elementor-widget-wrap\">\n\t\t\t\t\t\t<div class=\"elementor-element elementor-element-aac9114 elementor-widget elementor-widget-text-editor\" data-id=\"aac9114\" data-element_type=\"widget\" data-widget_type=\"text-editor.default\">\n\t\t\t\t<div class=\"elementor-widget-container\">\n\t\t\t\t\t<div class=\"elementor-text-editor elementor-clearfix\"><div id=\"comp-jqchacg6\" class=\"_1LodC\" tabindex=\"0\"><div id=\"mapContainer_comp-jqchacg6\" class=\"_3HA2p\"><h3 class=\"font_8\"><strong>\u0130stanbul Ofis<\/strong><\/h3><\/div><\/div><div id=\"comp-jqchti0g\" class=\"_2TxBB\" title=\"\"><div class=\"_2yXCL\" data-testid=\"linkElement\">\u00a0<\/div><\/div><div id=\"comp-jqchelti\" class=\"_1Z_nJ\" data-testid=\"richTextElement\"><p class=\"font_8\">19 May\u0131s Mah. \u0130n\u00f6n\u00fc Cad. Topkar Apt. No:87 D:4<\/p><p class=\"font_8\">Kad\u0131k\u00f6y &#8211; \u0130stanbul<\/p><p class=\"font_8\">tel. + 90 216 389 43 65<\/p><p class=\"font_8\">fax. +90 216 909 41 03<\/p><p class=\"font_8\">\u00a0<\/p><\/div><\/div>\n\t\t\t\t<\/div>\n\t\t\t\t<\/div>\n\t\t\t\t\t\t<\/div>\n\t\t\t\t\t<\/div>\n\t\t<\/div>\n\t\t\t\t<div class=\"elementor-column elementor-col-50 elementor-top-column elementor-element elementor-element-4a6f75f\" data-id=\"4a6f75f\" data-element_type=\"column\">\n\t\t\t<div class=\"elementor-column-wrap elementor-element-populated\">\n\t\t\t\t\t\t\t<div class=\"elementor-widget-wrap\">\n\t\t\t\t\t\t<div class=\"elementor-element elementor-element-6db26b1 elementor-widget elementor-widget-text-editor\" data-id=\"6db26b1\" data-element_type=\"widget\" data-widget_type=\"text-editor.default\">\n\t\t\t\t<div class=\"elementor-widget-container\">\n\t\t\t\t\t<div class=\"elementor-text-editor elementor-clearfix\"><div id=\"comp-jqchacg6\" class=\"_1LodC\" tabindex=\"0\"><h3 class=\"font_8\"><strong>Eski\u015fehir Ofis<\/strong><\/h3><\/div><div id=\"comp-jqchti0g\" class=\"_2TxBB\" title=\"\"><div class=\"_2yXCL\" data-testid=\"linkElement\">\u00a0<\/div><\/div><div id=\"comp-jqchelti\" class=\"_1Z_nJ\" data-testid=\"richTextElement\"><p class=\"font_8\">Ho\u015fnudiye Mah. Do\u011fruer Sk. No:1 \u00d6zdilek Loft Konutlar\u0131 D Blok D:7<\/p><p class=\"font_8\">Tepeba\u015f\u0131 &#8211; Eski\u015fehir<\/p><p class=\"font_8\">tel. + 90 216 389 43 65<\/p><p class=\"font_8\">fax. +90 216 909 41 03<\/p><\/div><\/div>\n\t\t\t\t<\/div>\n\t\t\t\t<\/div>\n\t\t\t\t\t\t<\/div>\n\t\t\t\t\t<\/div>\n\t\t<\/div>\n\t\t\t\t\t\t\t\t<\/div>\n\t\t\t\t\t<\/div>\n\t\t<\/section>\n\t\t\t\t<section class=\"elementor-section elementor-top-section elementor-element elementor-element-21d50bd elementor-section-boxed elementor-section-height-default elementor-section-height-default\" data-id=\"21d50bd\" data-element_type=\"section\">\n\t\t\t\t\t\t<div class=\"elementor-container elementor-column-gap-default\">\n\t\t\t\t\t\t\t<div class=\"elementor-row\">\n\t\t\t\t\t<div class=\"elementor-column elementor-col-100 elementor-top-column elementor-element elementor-element-0813ac9\" data-id=\"0813ac9\" data-element_type=\"column\">\n\t\t\t<div class=\"elementor-column-wrap elementor-element-populated\">\n\t\t\t\t\t\t\t<div class=\"elementor-widget-wrap\">\n\t\t\t\t\t\t<div class=\"elementor-element elementor-element-0db6422 elementor-widget elementor-widget-text-editor\" data-id=\"0db6422\" data-element_type=\"widget\" data-widget_type=\"text-editor.default\">\n\t\t\t\t<div class=\"elementor-widget-container\">\n\t\t\t\t\t<div class=\"elementor-text-editor elementor-clearfix\"><p><strong>info@ekolmimarlik.com.tr<\/strong><\/p><p><strong>info@ekolmimarlik.net<\/strong><\/p><\/div>\n\t\t\t\t<\/div>\n\t\t\t\t<\/div>\n\t\t\t\t\t\t<\/div>\n\t\t\t\t\t<\/div>\n\t\t<\/div>\n\t\t\t\t\t\t\t\t<\/div>\n\t\t\t\t\t<\/div>\n\t\t<\/section>\n\t\t\t\t\t\t<\/div>\n\t\t\t\t\t\t<\/div>\n\t\t\t\t\t<\/div>","protected":false},"excerpt":{"rendered":"<p>\u0130stanbul Ofis \u00a0 19 May\u0131s Mah. \u0130n\u00f6n\u00fc Cad. Topkar Apt. No:87 D:4 Kad\u0131k\u00f6y &#8211; \u0130stanbul tel. + 90 216 389 43 65 fax. +90 216 909 41 03 \u00a0 Eski\u015fehir Ofis \u00a0 Ho\u015fnudiye Mah. Do\u011fruer Sk. No:1 \u00d6zdilek Loft Konutlar\u0131 D Blok D:7 Tepeba\u015f\u0131 &#8211; Eski\u015fehir tel. + 90 216 389 43 65 fax. +90&hellip;&nbsp;<a href=\"https:\/\/ekolmimarlik.com.tr\/en\/iletisim\/\" class=\"\" rel=\"bookmark\">Read More &raquo;<span class=\"screen-reader-text\">CONTACT US<\/span><\/a><\/p>","protected":false},"author":1,"featured_media":0,"parent":0,"menu_order":0,"comment_status":"closed","ping_status":"closed","template":"page-templates\/template-pagebuilder-full-width.php","meta":{"neve_meta_sidebar":"","neve_meta_container":"","neve_meta_enable_content_width":"","neve_meta_content_width":0,"neve_meta_title_alignment":"","neve_meta_author_avatar":"","neve_post_elements_order":"","neve_meta_disable_header":"","neve_meta_disable_footer":"","neve_meta_disable_title":"","_ti_tpc_template_sync":false,"_ti_tpc_template_id":""},"_links":{"self":[{"href":"https:\/\/ekolmimarlik.com.tr\/en\/wp-json\/wp\/v2\/pages\/128"}],"collection":[{"href":"https:\/\/ekolmimarlik.com.tr\/en\/wp-json\/wp\/v2\/pages"}],"about":[{"href":"https:\/\/ekolmimarlik.com.tr\/en\/wp-json\/wp\/v2\/types\/page"}],"author":[{"embeddable":true,"href":"https:\/\/ekolmimarlik.com.tr\/en\/wp-json\/wp\/v2\/users\/1"}],"replies":[{"embeddable":true,"href":"https:\/\/ekolmimarlik.com.tr\/en\/wp-json\/wp\/v2\/comments?post=128"}],"version-history":[{"count":31,"href":"https:\/\/ekolmimarlik.com.tr\/en\/wp-json\/wp\/v2\/pages\/128\/revisions"}],"predecessor-version":[{"id":2127,"href":"https:\/\/ekolmimarlik.com.tr\/en\/wp-json\/wp\/v2\/pages\/128\/revisions\/2127"}],"wp:attachment":[{"href":"https:\/\/ekolmimarlik.com.tr\/en\/wp-json\/wp\/v2\/media?parent=128"}],"curies":[{"name":"wp","href":"https:\/\/api.w.org\/{rel}","templated":true}]}}